{"id":222,"date":"2024-08-21T01:53:41","date_gmt":"2024-08-21T01:53:41","guid":{"rendered":"https:\/\/serviciotecnico-santiago.cl\/?page_id=222"},"modified":"2024-08-21T02:14:35","modified_gmt":"2024-08-21T02:14:35","slug":"nosotros","status":"publish","type":"page","link":"https:\/\/serviciotecnico-santiago.cl\/?page_id=222","title":{"rendered":"Nosotros"},"content":{"rendered":"<p>[et_pb_section fb_built=\u00bb1&#8243; admin_label=\u00bbMission\u00bb _builder_version=\u00bb4.22.0&#8243; _module_preset=\u00bbdefault\u00bb custom_padding=\u00bb15px||20px|||\u00bb collapsed=\u00bbon\u00bb global_colors_info=\u00bb{}\u00bb][et_pb_row column_structure=\u00bb1_2,1_2&#8243; make_equal=\u00bbon\u00bb _builder_version=\u00bb4.27.0&#8243; _module_preset=\u00bbdefault\u00bb global_colors_info=\u00bb{}\u00bb][et_pb_column type=\u00bb1_2&#8243; _builder_version=\u00bb4.22.0&#8243; _module_preset=\u00bbdefault\u00bb custom_padding=\u00bb60px||60px||true|false\u00bb custom_padding_tablet=\u00bb0px||0px||true|false\u00bb custom_padding_phone=\u00bb0px||0px||true|false\u00bb custom_padding_last_edited=\u00bbon|desktop\u00bb global_colors_info=\u00bb{}\u00bb][et_pb_text _builder_version=\u00bb4.27.0&#8243; _module_preset=\u00bb0f9fff72-88a2-47df-944d-535dd0349d44&#8243; header_2_font=\u00bbMontserrat|500|||||||\u00bb custom_margin=\u00bb||10px||false|false\u00bb global_colors_info=\u00bb{}\u00bb]<\/p>\n<h2>Sobre Nosotros<\/h2>\n<p>[\/et_pb_text][et_pb_text _builder_version=\u00bb4.27.0&#8243; _module_preset=\u00bbd7e3c263-d893-4110-b5dd-6728a702835a\u00bb text_orientation=\u00bbjustified\u00bb global_colors_info=\u00bb{}\u00bb]<\/p>\n<p>Servicio T\u00e9cnico Santiago nace de la necesidad de clientes que exigen de un servicio t\u00e9cnico de alta calidad y eficiencia, contando con t\u00e9cnicos especialistas con m\u00e1s de 30 a\u00f1os de experiencia s\u00f3lo en la marca BOSCH, los que pueden dar soluciones inmediatas y efectivas a los problemas.<\/p>\n<p>[\/et_pb_text][\/et_pb_column][et_pb_column type=\u00bb1_2&#8243; _builder_version=\u00bb4.27.0&#8243; _module_preset=\u00bbdefault\u00bb background_image=\u00bbhttps:\/\/serviciotecnico-santiago.cl\/wp-content\/uploads\/2024\/08\/Diseno-sin-titulo-2024-08-20T165003.114.jpg\u00bb border_radii=\u00bbon|16px|16px|16px|16px\u00bb global_colors_info=\u00bb{}\u00bb][et_pb_divider show_divider=\u00bboff\u00bb _builder_version=\u00bb4.22.0&#8243; _module_preset=\u00bbdefault\u00bb height_tablet=\u00bb50vw\u00bb height_phone=\u00bb50vw\u00bb height_last_edited=\u00bbon|tablet\u00bb global_colors_info=\u00bb{}\u00bb][\/et_pb_divider][\/et_pb_column][\/et_pb_row][\/et_pb_section][et_pb_section fb_built=\u00bb1&#8243; admin_label=\u00bbAbout\u00bb _builder_version=\u00bb4.27.0&#8243; _module_preset=\u00bb44aa5215-843a-4f79-932d-911b474aa59d\u00bb background_color=\u00bb#000000&#8243; custom_margin=\u00bb||||false\u00bb custom_padding=\u00bb||||true|false\u00bb hover_enabled=\u00bb0&#8243; locked=\u00bboff\u00bb collapsed=\u00bbon\u00bb global_colors_info=\u00bb{%22gcid-1f1bf5fb-a99d-4acc-8d9e-ddac074c158c%22:%91%22background_color_gradient_stops%22%93,%22gcid-a78660e1-cfc7-4771-a566-6834d6a7f06a%22:%91%22background_color_gradient_stops%22%93,%22gcid-24b0db87-dafa-47d9-995f-b90181e18c52%22:%91%22background_color_gradient_stops%22%93}\u00bb title_text=\u00bbDise\u00f1o sin t\u00edtulo &#8211; 2024-08-20T152554.580&#8243; background_image=\u00bbhttps:\/\/serviciotecnico-santiago.cl\/wp-content\/uploads\/2024\/08\/Diseno-sin-titulo-2024-08-20T152554.580.jpg\u00bb background_blend=\u00bbcolor-burn\u00bb sticky_enabled=\u00bb0&#8243;][et_pb_row _builder_version=\u00bb4.25.2&#8243; _module_preset=\u00bbdefault\u00bb max_width=\u00bb900px\u00bb global_colors_info=\u00bb{}\u00bb][et_pb_column type=\u00bb4_4&#8243; _builder_version=\u00bb4.25.1&#8243; _module_preset=\u00bbdefault\u00bb global_colors_info=\u00bb{}\u00bb][et_pb_heading title=\u00bbServicio T\u00e9cnico Santiago cuenta con un equipo de trabajo especializado exclusivamente en lavavajillas, lavadoras y secadoras BOSCH, los que dar\u00e1n respuesta oportuna a cualquiera sea su necesidad, desde una instalaci\u00f3n y puesta en marcha del equipo, mantenciones preventivas y reparaciones en su domicilio.\u00bb _builder_version=\u00bb4.27.0&#8243; _module_preset=\u00bb37a4083d-b936-44a3-a440-f24c52061155&#8243; title_text_align=\u00bbcenter\u00bb title_text_color=\u00bb#FFFFFF\u00bb hover_enabled=\u00bb0&#8243; global_colors_info=\u00bb{}\u00bb title_font=\u00bbMontserrat||||||||\u00bb title_font_size=\u00bb21px\u00bb sticky_enabled=\u00bb0&#8243;][\/et_pb_heading][\/et_pb_column][\/et_pb_row][\/et_pb_section][et_pb_section fb_built=\u00bb1&#8243; admin_label=\u00bbCall to Action\u00bb _builder_version=\u00bb4.25.1&#8243; _module_preset=\u00bbb8fb7739-72b3-4f57-bffe-5e3da97caa30&#8243; locked=\u00bboff\u00bb collapsed=\u00bbon\u00bb custom_padding=\u00bb0px||31px|||\u00bb][et_pb_row column_structure=\u00bb1_2,1_2&#8243; _builder_version=\u00bb4.27.0&#8243; _module_preset=\u00bbdefault\u00bb hover_enabled=\u00bb0&#8243; locked=\u00bboff\u00bb global_colors_info=\u00bb{}\u00bb sticky_enabled=\u00bb0&#8243; custom_padding=\u00bb30px||20px|||\u00bb][et_pb_column type=\u00bb1_2&#8243; _builder_version=\u00bb4.25.1&#8243; _module_preset=\u00bbdefault\u00bb global_colors_info=\u00bb{}\u00bb][et_pb_image src=\u00bbhttps:\/\/serviciotecnico-santiago.cl\/wp-content\/uploads\/2024\/08\/Diseno-sin-titulo-2024-08-20T160856.811.jpg\u00bb title_text=\u00bbDise\u00f1o sin t\u00edtulo &#8211; 2024-08-20T160856.811&#8243; _builder_version=\u00bb4.27.0&#8243; _module_preset=\u00bbdefault\u00bb custom_margin=\u00bb||||false|false\u00bb hover_enabled=\u00bb0&#8243; border_radii=\u00bbon|30px|30px|30px|30px\u00bb global_colors_info=\u00bb{}\u00bb sticky_enabled=\u00bb0&#8243;][\/et_pb_image][\/et_pb_column][et_pb_column type=\u00bb1_2&#8243; _builder_version=\u00bb4.25.1&#8243; _module_preset=\u00bbdefault\u00bb global_colors_info=\u00bb{}\u00bb][et_pb_text _builder_version=\u00bb4.27.0&#8243; _module_preset=\u00bba595d587-5231-40fb-bc69-799ab5014ddb\u00bb hover_enabled=\u00bb0&#8243; global_colors_info=\u00bb{}\u00bb sticky_enabled=\u00bb0&#8243; custom_margin=\u00bb36px|||||\u00bb text_font=\u00bbMontserrat||||||||\u00bb text_orientation=\u00bbjustified\u00bb]<\/p>\n<p>En Servicio T\u00e9cnico Santiago sabemos que nuestros clientes son lo m\u00e1s importante, desde el momento en que atendemos su llamado adquirimos el compromiso, por el cual nos dedicamos cada d\u00eda para entregar un servicio de calidad en cuanto a rapidez y eficiencia, abarcando todas las comunas de la regi\u00f3n metropolitana.<\/p>\n<p>[\/et_pb_text][\/et_pb_column][\/et_pb_row][\/et_pb_section]<\/p>\n","protected":false},"excerpt":{"rendered":"<p>Sobre NosotrosServicio T\u00e9cnico Santiago nace de la necesidad de clientes que exigen de un servicio t\u00e9cnico de alta calidad y eficiencia, contando con t\u00e9cnicos especialistas con m\u00e1s de 30 a\u00f1os de experiencia s\u00f3lo en la marca BOSCH, los que pueden dar soluciones inmediatas y efectivas a los problemas.En Servicio T\u00e9cnico Santiago sabemos que nuestros clientes [&hellip;]<\/p>\n","protected":false},"author":1,"featured_media":0,"parent":0,"menu_order":0,"comment_status":"closed","ping_status":"closed","template":"","meta":{"_et_pb_use_builder":"on","_et_pb_old_content":"","_et_gb_content_width":"","_joinchat":[],"footnotes":""},"class_list":["post-222","page","type-page","status-publish","hentry"],"yoast_head":"<!-- This site is optimized with the Yoast SEO plugin v26.4 - https:\/\/yoast.com\/wordpress\/plugins\/seo\/ -->\n<title>Nosotros - serviciotecnico-santiago<\/title>\n<meta name=\"robots\" content=\"index, follow, max-snippet:-1, max-image-preview:large, max-video-preview:-1\" \/>\n<link rel=\"canonical\" href=\"https:\/\/serviciotecnico-santiago.cl\/?page_id=222\" \/>\n<meta property=\"og:locale\" content=\"es_ES\" \/>\n<meta property=\"og:type\" content=\"article\" \/>\n<meta property=\"og:title\" content=\"Nosotros - serviciotecnico-santiago\" \/>\n<meta property=\"og:description\" content=\"Sobre NosotrosServicio T\u00e9cnico Santiago nace de la necesidad de clientes que exigen de un servicio t\u00e9cnico de alta calidad y eficiencia, contando con t\u00e9cnicos especialistas con m\u00e1s de 30 a\u00f1os de experiencia s\u00f3lo en la marca BOSCH, los que pueden dar soluciones inmediatas y efectivas a los problemas.En Servicio T\u00e9cnico Santiago sabemos que nuestros clientes [&hellip;]\" \/>\n<meta property=\"og:url\" content=\"https:\/\/serviciotecnico-santiago.cl\/?page_id=222\" \/>\n<meta property=\"og:site_name\" content=\"serviciotecnico-santiago\" \/>\n<meta property=\"article:modified_time\" content=\"2024-08-21T02:14:35+00:00\" \/>\n<meta name=\"twitter:card\" content=\"summary_large_image\" \/>\n<meta name=\"twitter:label1\" content=\"Tiempo de lectura\" \/>\n\t<meta name=\"twitter:data1\" content=\"4 minutos\" \/>\n<script type=\"application\/ld+json\" class=\"yoast-schema-graph\">{\"@context\":\"https:\/\/schema.org\",\"@graph\":[{\"@type\":\"WebPage\",\"@id\":\"https:\/\/serviciotecnico-santiago.cl\/?page_id=222\",\"url\":\"https:\/\/serviciotecnico-santiago.cl\/?page_id=222\",\"name\":\"Nosotros - serviciotecnico-santiago\",\"isPartOf\":{\"@id\":\"https:\/\/serviciotecnico-santiago.cl\/#website\"},\"datePublished\":\"2024-08-21T01:53:41+00:00\",\"dateModified\":\"2024-08-21T02:14:35+00:00\",\"breadcrumb\":{\"@id\":\"https:\/\/serviciotecnico-santiago.cl\/?page_id=222#breadcrumb\"},\"inLanguage\":\"es\",\"potentialAction\":[{\"@type\":\"ReadAction\",\"target\":[\"https:\/\/serviciotecnico-santiago.cl\/?page_id=222\"]}]},{\"@type\":\"BreadcrumbList\",\"@id\":\"https:\/\/serviciotecnico-santiago.cl\/?page_id=222#breadcrumb\",\"itemListElement\":[{\"@type\":\"ListItem\",\"position\":1,\"name\":\"Portada\",\"item\":\"https:\/\/serviciotecnico-santiago.cl\/\"},{\"@type\":\"ListItem\",\"position\":2,\"name\":\"Nosotros\"}]},{\"@type\":\"WebSite\",\"@id\":\"https:\/\/serviciotecnico-santiago.cl\/#website\",\"url\":\"https:\/\/serviciotecnico-santiago.cl\/\",\"name\":\"serviciotecnico-santiago\",\"description\":\"\",\"potentialAction\":[{\"@type\":\"SearchAction\",\"target\":{\"@type\":\"EntryPoint\",\"urlTemplate\":\"https:\/\/serviciotecnico-santiago.cl\/?s={search_term_string}\"},\"query-input\":{\"@type\":\"PropertyValueSpecification\",\"valueRequired\":true,\"valueName\":\"search_term_string\"}}],\"inLanguage\":\"es\"}]}<\/script>\n<!-- \/ Yoast SEO plugin. -->","yoast_head_json":{"title":"Nosotros - serviciotecnico-santiago","robots":{"index":"index","follow":"follow","max-snippet":"max-snippet:-1","max-image-preview":"max-image-preview:large","max-video-preview":"max-video-preview:-1"},"canonical":"https:\/\/serviciotecnico-santiago.cl\/?page_id=222","og_locale":"es_ES","og_type":"article","og_title":"Nosotros - serviciotecnico-santiago","og_description":"Sobre NosotrosServicio T\u00e9cnico Santiago nace de la necesidad de clientes que exigen de un servicio t\u00e9cnico de alta calidad y eficiencia, contando con t\u00e9cnicos especialistas con m\u00e1s de 30 a\u00f1os de experiencia s\u00f3lo en la marca BOSCH, los que pueden dar soluciones inmediatas y efectivas a los problemas.En Servicio T\u00e9cnico Santiago sabemos que nuestros clientes [&hellip;]","og_url":"https:\/\/serviciotecnico-santiago.cl\/?page_id=222","og_site_name":"serviciotecnico-santiago","article_modified_time":"2024-08-21T02:14:35+00:00","twitter_card":"summary_large_image","twitter_misc":{"Tiempo de lectura":"4 minutos"},"schema":{"@context":"https:\/\/schema.org","@graph":[{"@type":"WebPage","@id":"https:\/\/serviciotecnico-santiago.cl\/?page_id=222","url":"https:\/\/serviciotecnico-santiago.cl\/?page_id=222","name":"Nosotros - serviciotecnico-santiago","isPartOf":{"@id":"https:\/\/serviciotecnico-santiago.cl\/#website"},"datePublished":"2024-08-21T01:53:41+00:00","dateModified":"2024-08-21T02:14:35+00:00","breadcrumb":{"@id":"https:\/\/serviciotecnico-santiago.cl\/?page_id=222#breadcrumb"},"inLanguage":"es","potentialAction":[{"@type":"ReadAction","target":["https:\/\/serviciotecnico-santiago.cl\/?page_id=222"]}]},{"@type":"BreadcrumbList","@id":"https:\/\/serviciotecnico-santiago.cl\/?page_id=222#breadcrumb","itemListElement":[{"@type":"ListItem","position":1,"name":"Portada","item":"https:\/\/serviciotecnico-santiago.cl\/"},{"@type":"ListItem","position":2,"name":"Nosotros"}]},{"@type":"WebSite","@id":"https:\/\/serviciotecnico-santiago.cl\/#website","url":"https:\/\/serviciotecnico-santiago.cl\/","name":"serviciotecnico-santiago","description":"","potentialAction":[{"@type":"SearchAction","target":{"@type":"EntryPoint","urlTemplate":"https:\/\/serviciotecnico-santiago.cl\/?s={search_term_string}"},"query-input":{"@type":"PropertyValueSpecification","valueRequired":true,"valueName":"search_term_string"}}],"inLanguage":"es"}]}},"_links":{"self":[{"href":"https:\/\/serviciotecnico-santiago.cl\/index.php?rest_route=\/wp\/v2\/pages\/222","targetHints":{"allow":["GET"]}}],"collection":[{"href":"https:\/\/serviciotecnico-santiago.cl\/index.php?rest_route=\/wp\/v2\/pages"}],"about":[{"href":"https:\/\/serviciotecnico-santiago.cl\/index.php?rest_route=\/wp\/v2\/types\/page"}],"author":[{"embeddable":true,"href":"https:\/\/serviciotecnico-santiago.cl\/index.php?rest_route=\/wp\/v2\/users\/1"}],"replies":[{"embeddable":true,"href":"https:\/\/serviciotecnico-santiago.cl\/index.php?rest_route=%2Fwp%2Fv2%2Fcomments&post=222"}],"version-history":[{"count":6,"href":"https:\/\/serviciotecnico-santiago.cl\/index.php?rest_route=\/wp\/v2\/pages\/222\/revisions"}],"predecessor-version":[{"id":239,"href":"https:\/\/serviciotecnico-santiago.cl\/index.php?rest_route=\/wp\/v2\/pages\/222\/revisions\/239"}],"wp:attachment":[{"href":"https:\/\/serviciotecnico-santiago.cl\/index.php?rest_route=%2Fwp%2Fv2%2Fmedia&parent=222"}],"curies":[{"name":"wp","href":"https:\/\/api.w.org\/{rel}","templated":true}]}}